{"id":763,"date":"2023-06-05T12:14:38","date_gmt":"2023-06-05T12:14:38","guid":{"rendered":"https:\/\/pancargo.net.89-6-227-106.89-6-227-106.visualpublinet.com\/declaracion-de-financiacion\/"},"modified":"2023-06-05T12:20:05","modified_gmt":"2023-06-05T12:20:05","slug":"declaracion-de-financiacion","status":"publish","type":"page","link":"https:\/\/pancargo.net\/es?page_id=763","title":{"rendered":"Declaraci\u00f3n de financiaci\u00f3n"},"content":{"rendered":"<p>[et_pb_section fb_built=\u00bb1&#8243; custom_padding_last_edited=\u00bbon|tablet\u00bb _builder_version=\u00bb4.20.4&#8243; _module_preset=\u00bbdefault\u00bb custom_padding=\u00bb||80px||false|false\u00bb custom_padding_tablet=\u00bb||0px||false|false\u00bb custom_padding_phone=\u00bb||0px||false|false\u00bb border_width_top=\u00bb1px\u00bb border_color_top=\u00bb#dddddd\u00bb locked=\u00bboff\u00bb global_colors_info=\u00bb{}\u00bb theme_builder_area=\u00bbpost_content\u00bb][et_pb_row use_custom_gutter=\u00bbon\u00bb make_equal=\u00bbon\u00bb custom_padding_last_edited=\u00bbon|tablet\u00bb _builder_version=\u00bb4.20.4&#8243; _module_preset=\u00bbdefault\u00bb width=\u00bb90%\u00bb max_width=\u00bb1600px\u00bb custom_padding=\u00bb50px||||false|false\u00bb custom_padding_tablet=\u00bb0px||||false|false\u00bb custom_padding_phone=\u00bb0px||||false|false\u00bb global_colors_info=\u00bb{}\u00bb theme_builder_area=\u00bbpost_content\u00bb][et_pb_column type=\u00bb4_4&#8243; _builder_version=\u00bb4.20.4&#8243; _module_preset=\u00bbdefault\u00bb global_colors_info=\u00bb{}\u00bb theme_builder_area=\u00bbpost_content\u00bb][et_pb_text _builder_version=\u00bb4.20.4&#8243; _module_preset=\u00bb449b0205-4082-4a2a-9524-b56678646991&#8243; header_font=\u00bbEncode Sans Condensed|700|||||||\u00bb header_text_align=\u00bbcenter\u00bb header_text_color=\u00bb#e7392f\u00bb header_font_size=\u00bb90px\u00bb header_line_height=\u00bb100px\u00bb header_2_font=\u00bbEncode Sans Condensed|700|||||||\u00bb header_2_text_align=\u00bbcenter\u00bb header_2_text_color=\u00bb#e7392f\u00bb header_2_font_size=\u00bb52px\u00bb header_2_line_height=\u00bb56px\u00bb header_3_font=\u00bbEncode Sans Condensed|700|||||||\u00bb header_3_text_color=\u00bb#e7392f\u00bb header_3_font_size=\u00bb52px\u00bb header_3_line_height=\u00bb56px\u00bb custom_margin=\u00bb0px||15px||false|false\u00bb hover_enabled=\u00bb0&#8243; header_font_size_tablet=\u00bb55px\u00bb header_font_size_phone=\u00bb45px\u00bb header_font_size_last_edited=\u00bbon|desktop\u00bb header_line_height_tablet=\u00bb60px\u00bb header_line_height_phone=\u00bb50px\u00bb header_line_height_last_edited=\u00bbon|phone\u00bb header_2_font_size_tablet=\u00bb45px\u00bb header_2_font_size_phone=\u00bb32px\u00bb header_2_font_size_last_edited=\u00bbon|phone\u00bb header_2_line_height_tablet=\u00bb50px\u00bb header_2_line_height_phone=\u00bb38px\u00bb header_2_line_height_last_edited=\u00bbon|tablet\u00bb locked=\u00bboff\u00bb global_colors_info=\u00bb{%22gcid-c89f5116-e22d-4a85-9acd-d2301e8087e7%22:%91%22header_2_text_color%22,%22header_2_text_color%22%93}\u00bb theme_builder_area=\u00bbpost_content\u00bb sticky_enabled=\u00bb0&#8243;]<\/p>\n<h1>Declaraci\u00f3n de financiaci\u00f3n<\/h1>\n<p>[\/et_pb_text][et_pb_image src=\u00bbhttps:\/\/pancargo.net\/wp-content\/uploads\/2023\/06\/cartel-kit-digital.jpg\u00bb _builder_version=\u00bb4.20.4&#8243; _module_preset=\u00bbdefault\u00bb theme_builder_area=\u00bbpost_content\u00bb alt=\u00bbplan de recuperaci\u00f3n Uni\u00f3n Europea\u00bb title_text=\u00bbplan de recuperaci\u00f3n Uni\u00f3n Europea\u00bb hover_enabled=\u00bb0&#8243; sticky_enabled=\u00bb0&#8243; align=\u00bbcenter\u00bb][\/et_pb_image][\/et_pb_column][\/et_pb_row][\/et_pb_section]<\/p>\n","protected":false},"excerpt":{"rendered":"<p>Declaraci\u00f3n de financiaci\u00f3n<\/p>\n","protected":false},"author":3,"featured_media":0,"parent":0,"menu_order":0,"comment_status":"closed","ping_status":"closed","template":"","meta":{"_et_pb_use_builder":"on","_et_pb_old_content":"","_et_gb_content_width":"","footnotes":""},"class_list":["post-763","page","type-page","status-publish","hentry"],"yoast_head":"<!-- This site is optimized with the Yoast SEO plugin v20.10 - https:\/\/yoast.com\/wordpress\/plugins\/seo\/ -->\n<title>Declaraci\u00f3n de financiaci\u00f3n - Pancargo<\/title>\n<meta name=\"robots\" content=\"index, follow, max-snippet:-1, max-image-preview:large, max-video-preview:-1\" \/>\n<link rel=\"canonical\" href=\"https:\/\/pancargo.net\/es?page_id=763\" \/>\n<meta property=\"og:locale\" content=\"es_ES\" \/>\n<meta property=\"og:type\" content=\"article\" \/>\n<meta property=\"og:title\" content=\"Declaraci\u00f3n de financiaci\u00f3n - Pancargo\" \/>\n<meta property=\"og:description\" content=\"Declaraci\u00f3n de financiaci\u00f3n\" \/>\n<meta property=\"og:url\" content=\"https:\/\/pancargo.net\/es?page_id=763\" \/>\n<meta property=\"og:site_name\" content=\"Pancargo\" \/>\n<meta property=\"article:modified_time\" content=\"2023-06-05T12:20:05+00:00\" \/>\n<meta name=\"twitter:card\" content=\"summary_large_image\" \/>\n<meta name=\"twitter:label1\" content=\"Tiempo de lectura\" \/>\n\t<meta name=\"twitter:data1\" content=\"2 minutos\" \/>\n<script type=\"application\/ld+json\" class=\"yoast-schema-graph\">{\"@context\":\"https:\/\/schema.org\",\"@graph\":[{\"@type\":\"WebPage\",\"@id\":\"https:\/\/pancargo.net\/es?page_id=763\",\"url\":\"https:\/\/pancargo.net\/es?page_id=763\",\"name\":\"Declaraci\u00f3n de financiaci\u00f3n - Pancargo\",\"isPartOf\":{\"@id\":\"https:\/\/pancargo.net\/es#website\"},\"datePublished\":\"2023-06-05T12:14:38+00:00\",\"dateModified\":\"2023-06-05T12:20:05+00:00\",\"breadcrumb\":{\"@id\":\"https:\/\/pancargo.net\/es?page_id=763#breadcrumb\"},\"inLanguage\":\"es\",\"potentialAction\":[{\"@type\":\"ReadAction\",\"target\":[\"https:\/\/pancargo.net\/es?page_id=763\"]}]},{\"@type\":\"BreadcrumbList\",\"@id\":\"https:\/\/pancargo.net\/es?page_id=763#breadcrumb\",\"itemListElement\":[{\"@type\":\"ListItem\",\"position\":1,\"name\":\"Portada\",\"item\":\"https:\/\/pancargo.net\/es\"},{\"@type\":\"ListItem\",\"position\":2,\"name\":\"Declaraci\u00f3n de financiaci\u00f3n\"}]},{\"@type\":\"WebSite\",\"@id\":\"https:\/\/pancargo.net\/es#website\",\"url\":\"https:\/\/pancargo.net\/es\",\"name\":\"Pancargo\",\"description\":\"FREIGHT SERVICES\",\"potentialAction\":[{\"@type\":\"SearchAction\",\"target\":{\"@type\":\"EntryPoint\",\"urlTemplate\":\"https:\/\/pancargo.net\/es?s={search_term_string}\"},\"query-input\":\"required name=search_term_string\"}],\"inLanguage\":\"es\"}]}<\/script>\n<!-- \/ Yoast SEO plugin. -->","yoast_head_json":{"title":"Declaraci\u00f3n de financiaci\u00f3n - Pancargo","robots":{"index":"index","follow":"follow","max-snippet":"max-snippet:-1","max-image-preview":"max-image-preview:large","max-video-preview":"max-video-preview:-1"},"canonical":"https:\/\/pancargo.net\/es?page_id=763","og_locale":"es_ES","og_type":"article","og_title":"Declaraci\u00f3n de financiaci\u00f3n - Pancargo","og_description":"Declaraci\u00f3n de financiaci\u00f3n","og_url":"https:\/\/pancargo.net\/es?page_id=763","og_site_name":"Pancargo","article_modified_time":"2023-06-05T12:20:05+00:00","twitter_card":"summary_large_image","twitter_misc":{"Tiempo de lectura":"2 minutos"},"schema":{"@context":"https:\/\/schema.org","@graph":[{"@type":"WebPage","@id":"https:\/\/pancargo.net\/es?page_id=763","url":"https:\/\/pancargo.net\/es?page_id=763","name":"Declaraci\u00f3n de financiaci\u00f3n - Pancargo","isPartOf":{"@id":"https:\/\/pancargo.net\/es#website"},"datePublished":"2023-06-05T12:14:38+00:00","dateModified":"2023-06-05T12:20:05+00:00","breadcrumb":{"@id":"https:\/\/pancargo.net\/es?page_id=763#breadcrumb"},"inLanguage":"es","potentialAction":[{"@type":"ReadAction","target":["https:\/\/pancargo.net\/es?page_id=763"]}]},{"@type":"BreadcrumbList","@id":"https:\/\/pancargo.net\/es?page_id=763#breadcrumb","itemListElement":[{"@type":"ListItem","position":1,"name":"Portada","item":"https:\/\/pancargo.net\/es"},{"@type":"ListItem","position":2,"name":"Declaraci\u00f3n de financiaci\u00f3n"}]},{"@type":"WebSite","@id":"https:\/\/pancargo.net\/es#website","url":"https:\/\/pancargo.net\/es","name":"Pancargo","description":"FREIGHT SERVICES","potentialAction":[{"@type":"SearchAction","target":{"@type":"EntryPoint","urlTemplate":"https:\/\/pancargo.net\/es?s={search_term_string}"},"query-input":"required name=search_term_string"}],"inLanguage":"es"}]}},"_links":{"self":[{"href":"https:\/\/pancargo.net\/es\/index.php?rest_route=\/wp\/v2\/pages\/763","targetHints":{"allow":["GET"]}}],"collection":[{"href":"https:\/\/pancargo.net\/es\/index.php?rest_route=\/wp\/v2\/pages"}],"about":[{"href":"https:\/\/pancargo.net\/es\/index.php?rest_route=\/wp\/v2\/types\/page"}],"author":[{"embeddable":true,"href":"https:\/\/pancargo.net\/es\/index.php?rest_route=\/wp\/v2\/users\/3"}],"replies":[{"embeddable":true,"href":"https:\/\/pancargo.net\/es\/index.php?rest_route=%2Fwp%2Fv2%2Fcomments&post=763"}],"version-history":[{"count":2,"href":"https:\/\/pancargo.net\/es\/index.php?rest_route=\/wp\/v2\/pages\/763\/revisions"}],"predecessor-version":[{"id":765,"href":"https:\/\/pancargo.net\/es\/index.php?rest_route=\/wp\/v2\/pages\/763\/revisions\/765"}],"wp:attachment":[{"href":"https:\/\/pancargo.net\/es\/index.php?rest_route=%2Fwp%2Fv2%2Fmedia&parent=763"}],"curies":[{"name":"wp","href":"https:\/\/api.w.org\/{rel}","templated":true}]}}