{"id":667,"date":"2023-04-25T10:16:50","date_gmt":"2023-04-25T10:16:50","guid":{"rendered":"https:\/\/pancargo.net.89-6-227-106.89-6-227-106.visualpublinet.com\/servicio-de-aduanas\/"},"modified":"2023-06-15T15:41:32","modified_gmt":"2023-06-15T15:41:32","slug":"servicio-de-aduanas","status":"publish","type":"page","link":"https:\/\/pancargo.net\/es?page_id=667","title":{"rendered":"Servicio de aduanas"},"content":{"rendered":"<p>[et_pb_section fb_built=\u00bb1&#8243; _builder_version=\u00bb4.20.4&#8243; _module_preset=\u00bbdefault\u00bb use_background_color_gradient=\u00bbon\u00bb background_color_gradient_stops=\u00bbrgba(0,0,0,0) 1%|rgba(0,0,0,0.63) 84%\u00bb background_color_gradient_overlays_image=\u00bbon\u00bb background_image=\u00bbhttps:\/\/pancargo.net\/wp-content\/uploads\/2023\/04\/customs.jpg\u00bb background_blend=\u00bbmultiply\u00bb custom_padding=\u00bb0px||0px||false|false\u00bb locked=\u00bboff\u00bb global_colors_info=\u00bb{}\u00bb][et_pb_row custom_padding_last_edited=\u00bbon|tablet\u00bb _builder_version=\u00bb4.20.4&#8243; _module_preset=\u00bbdefault\u00bb background_enable_image=\u00bboff\u00bb width=\u00bb92%\u00bb max_width=\u00bb1700px\u00bb custom_padding=\u00bb300px|0px|36px||false|false\u00bb custom_padding_tablet=\u00bb250px|0px|0px||false|false\u00bb custom_padding_phone=\u00bb150px||||false|false\u00bb global_colors_info=\u00bb{}\u00bb][et_pb_column type=\u00bb4_4&#8243; _builder_version=\u00bb4.20.4&#8243; _module_preset=\u00bbdefault\u00bb global_colors_info=\u00bb{}\u00bb][et_pb_text _builder_version=\u00bb4.20.4&#8243; _module_preset=\u00bbdefault\u00bb header_font=\u00bbEncode Sans Condensed|700|||||||\u00bb header_text_align=\u00bbcenter\u00bb header_text_color=\u00bb#FFFFFF\u00bb header_font_size=\u00bb8vw\u00bb header_2_font=\u00bbEncode Sans Condensed|700|||||||\u00bb header_2_text_align=\u00bbright\u00bb header_2_text_color=\u00bb#FFFFFF\u00bb header_2_font_size=\u00bb8vw\u00bb header_font_size_tablet=\u00bb80px\u00bb header_font_size_phone=\u00bb55px\u00bb header_font_size_last_edited=\u00bbon|tablet\u00bb global_colors_info=\u00bb{}\u00bb]<\/p>\n<h1><span>Expertos en Aduanas<\/span><\/h1>\n<p>[\/et_pb_text][\/et_pb_column][\/et_pb_row][et_pb_row make_equal=\u00bbon\u00bb _builder_version=\u00bb4.20.4&#8243; _module_preset=\u00bbdefault\u00bb width=\u00bb95%\u00bb custom_padding=\u00bb40px||156px||false|false\u00bb custom_css_main_element=\u00bbdisplay:flex;||flex-wrap:wrap;||align-content:center;\u00bb locked=\u00bboff\u00bb global_colors_info=\u00bb{}\u00bb][et_pb_column type=\u00bb4_4&#8243; _builder_version=\u00bb4.20.4&#8243; _module_preset=\u00bbdefault\u00bb custom_css_main_element=\u00bbdisplay:flex;||flex-wrap:wrap;||justify-content:center;||align-content:center;\u00bb global_colors_info=\u00bb{}\u00bb][et_pb_button button_url=\u00bb@ET-DC@eyJkeW5hbWljIjp0cnVlLCJjb250ZW50IjoicG9zdF9saW5rX3VybF9wYWdlIiwic2V0dGluZ3MiOnsicG9zdF9pZCI6IjYyIn19@\u00bb button_text=\u00bbSOBRE NOSOTROS\u00bb _builder_version=\u00bb4.20.4&#8243; _dynamic_attributes=\u00bbbutton_url\u00bb _module_preset=\u00bbdefault\u00bb custom_button=\u00bbon\u00bb button_text_color=\u00bb#e7392f\u00bb button_bg_color=\u00bb#FFFFFF\u00bb button_border_width=\u00bb1px\u00bb button_border_color=\u00bb#FFFFFF\u00bb button_border_radius=\u00bb0px\u00bb button_font=\u00bbEncode Sans Condensed|600||on|||||\u00bb button_use_icon=\u00bboff\u00bb custom_margin=\u00bb|15px||15px|false|true\u00bb locked=\u00bboff\u00bb global_colors_info=\u00bb{}\u00bb][\/et_pb_button][et_pb_button button_url=\u00bb@ET-DC@eyJkeW5hbWljIjp0cnVlLCJjb250ZW50IjoicG9zdF9saW5rX3VybF9wYWdlIiwic2V0dGluZ3MiOnsicG9zdF9pZCI6IjgxIn19@\u00bb button_text=\u00bbSaber m\u00e1s\u00bb _builder_version=\u00bb4.20.4&#8243; _dynamic_attributes=\u00bbbutton_url\u00bb _module_preset=\u00bbdefault\u00bb custom_button=\u00bbon\u00bb button_text_color=\u00bb#FFFFFF\u00bb button_border_width=\u00bb1px\u00bb button_border_radius=\u00bb0px\u00bb button_font=\u00bbEncode Sans Condensed|600||on|||||\u00bb button_use_icon=\u00bboff\u00bb custom_margin=\u00bb|15px||15px|false|false\u00bb custom_padding=\u00bb|45px||45px|false|true\u00bb locked=\u00bboff\u00bb global_colors_info=\u00bb{}\u00bb][\/et_pb_button][\/et_pb_column][\/et_pb_row][\/et_pb_section][et_pb_section fb_built=\u00bb1&#8243; admin_label=\u00bbService\u00bb _builder_version=\u00bb4.20.4&#8243; _module_preset=\u00bbdefault\u00bb background_color=\u00bbrgba(255,255,255,0.56)\u00bb background_enable_image=\u00bboff\u00bb background_size=\u00bbcustom\u00bb background_image_width=\u00bb44%\u00bb background_position=\u00bbcenter_right\u00bb background_blend=\u00bboverlay\u00bb custom_padding=\u00bb0px||||false|false\u00bb collapsed=\u00bbon\u00bb global_colors_info=\u00bb{}\u00bb][et_pb_row column_structure=\u00bb1_2,1_2&#8243; use_custom_gutter=\u00bbon\u00bb gutter_width=\u00bb2&#8243; make_equal=\u00bbon\u00bb custom_padding_last_edited=\u00bbon|phone\u00bb _builder_version=\u00bb4.20.4&#8243; _module_preset=\u00bbdefault\u00bb width=\u00bb90%\u00bb max_width=\u00bb1400px\u00bb custom_padding=\u00bb0px||||false|false\u00bb custom_padding_tablet=\u00bb80px||||false|false\u00bb custom_padding_phone=\u00bb60px||||false|false\u00bb global_colors_info=\u00bb{}\u00bb][et_pb_column type=\u00bb1_2&#8243; _builder_version=\u00bb4.20.4&#8243; _module_preset=\u00bbdefault\u00bb background_color=\u00bb#FFFFFF\u00bb custom_padding=\u00bb100px|8%|||false|false\u00bb custom_padding_tablet=\u00bb0px||||false|false\u00bb custom_padding_phone=\u00bb0px|0px|||false|false\u00bb custom_padding_last_edited=\u00bbon|phone\u00bb custom_css_main_element=\u00bbwidth:56%!important;\u00bb border_color_top=\u00bb#dddddd\u00bb border_color_bottom=\u00bb#dddddd\u00bb border_color_left=\u00bb#dddddd\u00bb global_colors_info=\u00bb{}\u00bb custom_css_main_element_last_edited=\u00bbon|phone\u00bb custom_css_main_element_tablet=\u00bbwidth:56%!important;\u00bb custom_css_main_element_phone=\u00bbwidth:100%!important;\u00bb][et_pb_text _builder_version=\u00bb4.20.4&#8243; _module_preset=\u00bbdefault\u00bb header_2_font=\u00bbEncode Sans Condensed|700|||||||\u00bb header_2_text_color=\u00bb#e7392f\u00bb header_2_font_size=\u00bb52px\u00bb header_2_line_height=\u00bb56px\u00bb header_3_font=\u00bbEncode Sans Condensed|700|||||||\u00bb header_3_text_color=\u00bb#e7392f\u00bb header_3_font_size=\u00bb52px\u00bb header_3_line_height=\u00bb56px\u00bb custom_margin=\u00bb15px||||false|false\u00bb header_2_font_size_tablet=\u00bb45px\u00bb header_2_font_size_phone=\u00bb32px\u00bb header_2_font_size_last_edited=\u00bbon|phone\u00bb header_2_line_height_tablet=\u00bb50px\u00bb header_2_line_height_phone=\u00bb38px\u00bb header_2_line_height_last_edited=\u00bbon|tablet\u00bb global_colors_info=\u00bb{}\u00bb custom_padding=\u00bb||0px|||\u00bb]<\/p>\n<h2><span>Servicio de Aduanas en Pancargo: Soluciones de Transporte y Log\u00edstica<\/span><\/h2>\n<h2><span style=\"color: #757575; font-size: x-large;\">Simplifica tus Tr\u00e1mites Aduaneros<\/span><\/h2>\n<p>[\/et_pb_text][et_pb_text _builder_version=\u00bb4.20.4&#8243; _module_preset=\u00bbdefault\u00bb text_font=\u00bbEncode Sans Condensed||||||||\u00bb text_text_color=\u00bb#111111&#8243; text_font_size=\u00bb20px\u00bb text_line_height=\u00bb28px\u00bb custom_margin=\u00bb-7px||50px||false|false\u00bb global_colors_info=\u00bb{}\u00bb]<\/p>\n<p>Antes de que la mercanc\u00eda llegue a destino gestionamos y preparamos toda la documentaci\u00f3n que las diversas aduanas exigen para cada caso, asegurando as\u00ed que los env\u00edos ser\u00e1n despachados y entregados eficientemente. Nuestros especialistas en legislaci\u00f3n aduanera est\u00e1n al servicio de nuestros clientes para asegurarnos que toda la documentaci\u00f3n est\u00e1 correctamente emitida y completa con lo que se evitar\u00e1n sanciones y demoras innecesarias.<\/p>\n<p>[\/et_pb_text][et_pb_blurb use_icon=\u00bbon\u00bb font_icon=\u00bb&#xe046;||divi||400&#8243; icon_color=\u00bb#e7392f\u00bb icon_placement=\u00bbleft\u00bb image_icon_width=\u00bb26px\u00bb content_max_width=\u00bb100%\u00bb _builder_version=\u00bb4.20.4&#8243; _module_preset=\u00bbdefault\u00bb body_font=\u00bbEncode Sans|300|||||||\u00bb body_text_color=\u00bb#222222&#8243; body_font_size=\u00bb20px\u00bb body_line_height=\u00bb28px\u00bb custom_margin=\u00bb||10px||false|false\u00bb custom_padding=\u00bb||10px||false|false\u00bb body_font_size_tablet=\u00bb20px\u00bb body_font_size_phone=\u00bb18px\u00bb body_font_size_last_edited=\u00bbon|phone\u00bb custom_css_blurb_image=\u00bbposition:relative;||top:1px;\u00bb border_width_bottom=\u00bb1px\u00bb border_color_bottom=\u00bb#dddddd\u00bb border_style_bottom=\u00bbdashed\u00bb global_colors_info=\u00bb{}\u00bb]<\/p>\n<p>Predespacho<\/p>\n<p>[\/et_pb_blurb][et_pb_blurb use_icon=\u00bbon\u00bb font_icon=\u00bb&#xe046;||divi||400&#8243; icon_color=\u00bb#e7392f\u00bb icon_placement=\u00bbleft\u00bb image_icon_width=\u00bb26px\u00bb content_max_width=\u00bb100%\u00bb _builder_version=\u00bb4.20.4&#8243; _module_preset=\u00bbdefault\u00bb body_font=\u00bbEncode Sans|300|||||||\u00bb body_text_color=\u00bb#222222&#8243; body_font_size=\u00bb20px\u00bb body_line_height=\u00bb28px\u00bb custom_margin=\u00bb||10px||false|false\u00bb custom_padding=\u00bb||10px||false|false\u00bb body_font_size_tablet=\u00bb20px\u00bb body_font_size_phone=\u00bb18px\u00bb body_font_size_last_edited=\u00bbon|phone\u00bb custom_css_blurb_image=\u00bbposition:relative;||top:1px;\u00bb border_width_bottom=\u00bb1px\u00bb border_color_bottom=\u00bb#dddddd\u00bb border_style_bottom=\u00bbdashed\u00bb global_colors_info=\u00bb{}\u00bb]<\/p>\n<p>Conexi\u00f3n inform\u00e1tica con la Aduana, E.D.I.<\/p>\n<p>[\/et_pb_blurb][et_pb_blurb use_icon=\u00bbon\u00bb font_icon=\u00bb&#xe046;||divi||400&#8243; icon_color=\u00bb#e7392f\u00bb icon_placement=\u00bbleft\u00bb image_icon_width=\u00bb26px\u00bb content_max_width=\u00bb100%\u00bb _builder_version=\u00bb4.20.4&#8243; _module_preset=\u00bbdefault\u00bb body_font=\u00bbEncode Sans|300|||||||\u00bb body_text_color=\u00bb#222222&#8243; body_font_size=\u00bb20px\u00bb body_line_height=\u00bb28px\u00bb custom_margin=\u00bb||10px||false|false\u00bb custom_padding=\u00bb||10px||false|false\u00bb body_font_size_tablet=\u00bb20px\u00bb body_font_size_phone=\u00bb18px\u00bb body_font_size_last_edited=\u00bbon|phone\u00bb custom_css_blurb_image=\u00bbposition:relative;||top:1px;\u00bb border_width_bottom=\u00bb1px\u00bb border_color_bottom=\u00bb#dddddd\u00bb border_style_bottom=\u00bbdashed\u00bb global_colors_info=\u00bb{}\u00bb]<\/p>\n<p>Clasificaci\u00f3n de mercanc\u00edas<\/p>\n<p>[\/et_pb_blurb][et_pb_blurb use_icon=\u00bbon\u00bb font_icon=\u00bb&#xe046;||divi||400&#8243; icon_color=\u00bb#e7392f\u00bb icon_placement=\u00bbleft\u00bb image_icon_width=\u00bb26px\u00bb content_max_width=\u00bb100%\u00bb _builder_version=\u00bb4.20.4&#8243; _module_preset=\u00bbdefault\u00bb body_font=\u00bbEncode Sans|300|||||||\u00bb body_text_color=\u00bb#222222&#8243; body_font_size=\u00bb20px\u00bb body_line_height=\u00bb28px\u00bb custom_margin=\u00bb||10px||false|false\u00bb custom_padding=\u00bb||10px||false|false\u00bb body_font_size_tablet=\u00bb20px\u00bb body_font_size_phone=\u00bb18px\u00bb body_font_size_last_edited=\u00bbon|phone\u00bb custom_css_blurb_image=\u00bbposition:relative;||top:1px;\u00bb border_width_bottom=\u00bb1px\u00bb border_color_bottom=\u00bb#dddddd\u00bb border_style_bottom=\u00bbdashed\u00bb global_colors_info=\u00bb{}\u00bb]<\/p>\n<p>Aranceles e IVA<\/p>\n<p>[\/et_pb_blurb][et_pb_blurb use_icon=\u00bbon\u00bb font_icon=\u00bb&#xe046;||divi||400&#8243; icon_color=\u00bb#e7392f\u00bb icon_placement=\u00bbleft\u00bb image_icon_width=\u00bb26px\u00bb content_max_width=\u00bb100%\u00bb _builder_version=\u00bb4.20.4&#8243; _module_preset=\u00bbdefault\u00bb body_font=\u00bbEncode Sans|300|||||||\u00bb body_text_color=\u00bb#222222&#8243; body_font_size=\u00bb20px\u00bb body_line_height=\u00bb28px\u00bb custom_margin=\u00bb||10px||false|false\u00bb custom_padding=\u00bb||10px||false|false\u00bb body_font_size_tablet=\u00bb20px\u00bb body_font_size_phone=\u00bb18px\u00bb body_font_size_last_edited=\u00bbon|phone\u00bb custom_css_blurb_image=\u00bbposition:relative;||top:1px;\u00bb border_width_bottom=\u00bb1px\u00bb border_color_bottom=\u00bb#dddddd\u00bb border_style_bottom=\u00bbdashed\u00bb global_colors_info=\u00bb{}\u00bb]<\/p>\n<p>Gesti\u00f3n de todo tipo de documentaci\u00f3n para<br \/>\nDespacho de Aduanas, (DUA\u2026Licencias. Certificados, visados\u2026)<\/p>\n<p>[\/et_pb_blurb][et_pb_blurb use_icon=\u00bbon\u00bb font_icon=\u00bb&#xe046;||divi||400&#8243; icon_color=\u00bb#e7392f\u00bb icon_placement=\u00bbleft\u00bb image_icon_width=\u00bb26px\u00bb content_max_width=\u00bb100%\u00bb _builder_version=\u00bb4.20.4&#8243; _module_preset=\u00bbdefault\u00bb body_font=\u00bbEncode Sans|300|||||||\u00bb body_text_color=\u00bb#222222&#8243; body_font_size=\u00bb20px\u00bb body_line_height=\u00bb28px\u00bb custom_margin=\u00bb||10px||false|false\u00bb custom_padding=\u00bb||10px||false|false\u00bb body_font_size_tablet=\u00bb20px\u00bb body_font_size_phone=\u00bb18px\u00bb body_font_size_last_edited=\u00bbon|phone\u00bb custom_css_blurb_image=\u00bbposition:relative;||top:1px;\u00bb border_width_bottom=\u00bb1px\u00bb border_color_bottom=\u00bb#dddddd\u00bb border_style_bottom=\u00bbdashed\u00bb global_colors_info=\u00bb{}\u00bb]<\/p>\n<p>Cartas de cr\u00e9dito<\/p>\n<p>[\/et_pb_blurb][et_pb_blurb use_icon=\u00bbon\u00bb font_icon=\u00bb&#xe046;||divi||400&#8243; icon_color=\u00bb#e7392f\u00bb icon_placement=\u00bbleft\u00bb image_icon_width=\u00bb26px\u00bb content_max_width=\u00bb100%\u00bb _builder_version=\u00bb4.20.4&#8243; _module_preset=\u00bbdefault\u00bb body_font=\u00bbEncode Sans|300|||||||\u00bb body_text_color=\u00bb#222222&#8243; body_font_size=\u00bb20px\u00bb body_line_height=\u00bb28px\u00bb custom_margin=\u00bb||10px||false|false\u00bb custom_padding=\u00bb||10px||false|false\u00bb body_font_size_tablet=\u00bb20px\u00bb body_font_size_phone=\u00bb18px\u00bb body_font_size_last_edited=\u00bbon|phone\u00bb custom_css_blurb_image=\u00bbposition:relative;||top:1px;\u00bb border_width_bottom=\u00bb1px\u00bb border_color_bottom=\u00bb#dddddd\u00bb border_style_bottom=\u00bbdashed\u00bb global_colors_info=\u00bb{}\u00bb]<\/p>\n<p>Importaciones temporales, TPA<\/p>\n<p>[\/et_pb_blurb][et_pb_blurb use_icon=\u00bbon\u00bb font_icon=\u00bb&#xe046;||divi||400&#8243; icon_color=\u00bb#e7392f\u00bb icon_placement=\u00bbleft\u00bb image_icon_width=\u00bb26px\u00bb content_max_width=\u00bb100%\u00bb _builder_version=\u00bb4.20.4&#8243; _module_preset=\u00bbdefault\u00bb body_font=\u00bbEncode Sans|300|||||||\u00bb body_text_color=\u00bb#222222&#8243; body_font_size=\u00bb20px\u00bb body_line_height=\u00bb28px\u00bb custom_margin=\u00bb||10px||false|false\u00bb custom_padding=\u00bb||10px||false|false\u00bb body_font_size_tablet=\u00bb20px\u00bb body_font_size_phone=\u00bb18px\u00bb body_font_size_last_edited=\u00bbon|phone\u00bb custom_css_blurb_image=\u00bbposition:relative;||top:1px;\u00bb border_width_bottom=\u00bb1px\u00bb border_color_bottom=\u00bb#dddddd\u00bb border_style_bottom=\u00bbdashed\u00bb global_colors_info=\u00bb{}\u00bb]<\/p>\n<p>Almacenes Aduaneros<\/p>\n<p>[\/et_pb_blurb][\/et_pb_column][et_pb_column type=\u00bb1_2&#8243; _builder_version=\u00bb4.20.4&#8243; _module_preset=\u00bbdefault\u00bb custom_css_main_element=\u00bbwidth:44%!important;\u00bb global_colors_info=\u00bb{}\u00bb custom_css_main_element_last_edited=\u00bbon|phone\u00bb custom_css_main_element_tablet=\u00bbwidth:44%!important;\u00bb custom_css_main_element_phone=\u00bbwidth:100%!important;\u00bb][et_pb_image src=\u00bbhttps:\/\/pancargo.net\/wp-content\/uploads\/2023\/04\/customs-3.jpg\u00bb title_text=\u00bbcustoms-3&#8243; _builder_version=\u00bb4.20.4&#8243; _module_preset=\u00bbdefault\u00bb positioning=\u00bbrelative\u00bb vertical_offset=\u00bb-96px\u00bb vertical_offset_tablet=\u00bb0px\u00bb vertical_offset_phone=\u00bb0px\u00bb vertical_offset_last_edited=\u00bbon|tablet\u00bb custom_margin=\u00bb||-40px||false|false\u00bb custom_margin_tablet=\u00bb||0px||false|false\u00bb custom_margin_phone=\u00bb||0px||false|false\u00bb custom_margin_last_edited=\u00bbon|tablet\u00bb border_width_all=\u00bb8px\u00bb border_color_all=\u00bb#FFFFFF\u00bb global_colors_info=\u00bb{}\u00bb][\/et_pb_image][et_pb_button button_url=\u00bb@ET-DC@eyJkeW5hbWljIjp0cnVlLCJjb250ZW50IjoicG9zdF9saW5rX3VybF9wYWdlIiwic2V0dGluZ3MiOnsicG9zdF9pZCI6IjgzIn19@\u00bb button_text=\u00bbSaber m\u00e1s\u00bb button_alignment=\u00bbright\u00bb _builder_version=\u00bb4.20.4&#8243; _dynamic_attributes=\u00bbbutton_url\u00bb _module_preset=\u00bbdefault\u00bb custom_button=\u00bbon\u00bb button_text_size=\u00bb16px\u00bb button_text_color=\u00bb#FFFFFF\u00bb button_bg_color=\u00bb#e7392f\u00bb button_border_width=\u00bb1px\u00bb button_border_color=\u00bb#e7392f\u00bb button_border_radius=\u00bb0px\u00bb button_letter_spacing=\u00bb1px\u00bb button_font=\u00bbEncode Sans Condensed||||||||\u00bb button_use_icon=\u00bboff\u00bb custom_margin_tablet=\u00bb30px||||false|false\u00bb custom_margin_phone=\u00bb30px||||false|false\u00bb custom_margin_last_edited=\u00bbon|tablet\u00bb custom_padding=\u00bb13px|30px|13px|30px|true|true\u00bb global_colors_info=\u00bb{}\u00bb button_text_color__hover_enabled=\u00bbon|hover\u00bb button_text_color__hover=\u00bb#e7392f\u00bb button_bg_color__hover_enabled=\u00bbon|desktop\u00bb button_bg_color__hover=\u00bb#FFFFFF\u00bb button_bg_enable_color__hover=\u00bbon\u00bb button_border_color__hover_enabled=\u00bbon|hover\u00bb button_border_color__hover=\u00bb#FFFFFF\u00bb][\/et_pb_button][\/et_pb_column][\/et_pb_row][\/et_pb_section]<\/p>\n","protected":false},"excerpt":{"rendered":"<p>Expertos en AduanasServicio de Aduanas en Pancargo: Soluciones de Transporte y Log\u00edstica Simplifica tus Tr\u00e1mites AduanerosAntes de que la mercanc\u00eda llegue a destino gestionamos y preparamos toda la documentaci\u00f3n que las diversas aduanas exigen para cada caso, asegurando as\u00ed que los env\u00edos ser\u00e1n despachados y entregados eficientemente. Nuestros especialistas en legislaci\u00f3n aduanera est\u00e1n al servicio [&hellip;]<\/p>\n","protected":false},"author":3,"featured_media":0,"parent":0,"menu_order":0,"comment_status":"closed","ping_status":"closed","template":"","meta":{"_et_pb_use_builder":"on","_et_pb_old_content":"","_et_gb_content_width":"","footnotes":""},"class_list":["post-667","page","type-page","status-publish","hentry"],"yoast_head":"<!-- This site is optimized with the Yoast SEO plugin v20.10 - https:\/\/yoast.com\/wordpress\/plugins\/seo\/ -->\n<title>Servicio de Aduanas | Soluciones de Transporte en Pancargo<\/title>\n<meta name=\"description\" content=\"Soluciones aduaneras integrales en Pancargo. Expertos en transporte y log\u00edstica. Agiliza tus tr\u00e1mites aduaneros con nuestro servicio especializado.\" \/>\n<meta name=\"robots\" content=\"index, follow, max-snippet:-1, max-image-preview:large, max-video-preview:-1\" \/>\n<link rel=\"canonical\" href=\"https:\/\/pancargo.net\/es?page_id=667\" \/>\n<meta property=\"og:locale\" content=\"es_ES\" \/>\n<meta property=\"og:type\" content=\"article\" \/>\n<meta property=\"og:title\" content=\"Servicio de Aduanas | Soluciones de Transporte en Pancargo\" \/>\n<meta property=\"og:description\" content=\"Soluciones aduaneras integrales en Pancargo. Expertos en transporte y log\u00edstica. Agiliza tus tr\u00e1mites aduaneros con nuestro servicio especializado.\" \/>\n<meta property=\"og:url\" content=\"https:\/\/pancargo.net\/es?page_id=667\" \/>\n<meta property=\"og:site_name\" content=\"Pancargo\" \/>\n<meta property=\"article:modified_time\" content=\"2023-06-15T15:41:32+00:00\" \/>\n<meta name=\"twitter:card\" content=\"summary_large_image\" \/>\n<meta name=\"twitter:label1\" content=\"Tiempo de lectura\" \/>\n\t<meta name=\"twitter:data1\" content=\"3 minutos\" \/>\n<script type=\"application\/ld+json\" class=\"yoast-schema-graph\">{\"@context\":\"https:\/\/schema.org\",\"@graph\":[{\"@type\":\"WebPage\",\"@id\":\"https:\/\/pancargo.net\/es?page_id=667\",\"url\":\"https:\/\/pancargo.net\/es?page_id=667\",\"name\":\"Servicio de Aduanas | Soluciones de Transporte en Pancargo\",\"isPartOf\":{\"@id\":\"https:\/\/pancargo.net\/es#website\"},\"datePublished\":\"2023-04-25T10:16:50+00:00\",\"dateModified\":\"2023-06-15T15:41:32+00:00\",\"description\":\"Soluciones aduaneras integrales en Pancargo. Expertos en transporte y log\u00edstica. Agiliza tus tr\u00e1mites aduaneros con nuestro servicio especializado.\",\"breadcrumb\":{\"@id\":\"https:\/\/pancargo.net\/es?page_id=667#breadcrumb\"},\"inLanguage\":\"es\",\"potentialAction\":[{\"@type\":\"ReadAction\",\"target\":[\"https:\/\/pancargo.net\/es?page_id=667\"]}]},{\"@type\":\"BreadcrumbList\",\"@id\":\"https:\/\/pancargo.net\/es?page_id=667#breadcrumb\",\"itemListElement\":[{\"@type\":\"ListItem\",\"position\":1,\"name\":\"Portada\",\"item\":\"https:\/\/pancargo.net\/es\"},{\"@type\":\"ListItem\",\"position\":2,\"name\":\"Servicio de aduanas\"}]},{\"@type\":\"WebSite\",\"@id\":\"https:\/\/pancargo.net\/es#website\",\"url\":\"https:\/\/pancargo.net\/es\",\"name\":\"Pancargo\",\"description\":\"FREIGHT SERVICES\",\"potentialAction\":[{\"@type\":\"SearchAction\",\"target\":{\"@type\":\"EntryPoint\",\"urlTemplate\":\"https:\/\/pancargo.net\/es?s={search_term_string}\"},\"query-input\":\"required name=search_term_string\"}],\"inLanguage\":\"es\"}]}<\/script>\n<!-- \/ Yoast SEO plugin. -->","yoast_head_json":{"title":"Servicio de Aduanas | Soluciones de Transporte en Pancargo","description":"Soluciones aduaneras integrales en Pancargo. Expertos en transporte y log\u00edstica. Agiliza tus tr\u00e1mites aduaneros con nuestro servicio especializado.","robots":{"index":"index","follow":"follow","max-snippet":"max-snippet:-1","max-image-preview":"max-image-preview:large","max-video-preview":"max-video-preview:-1"},"canonical":"https:\/\/pancargo.net\/es?page_id=667","og_locale":"es_ES","og_type":"article","og_title":"Servicio de Aduanas | Soluciones de Transporte en Pancargo","og_description":"Soluciones aduaneras integrales en Pancargo. Expertos en transporte y log\u00edstica. Agiliza tus tr\u00e1mites aduaneros con nuestro servicio especializado.","og_url":"https:\/\/pancargo.net\/es?page_id=667","og_site_name":"Pancargo","article_modified_time":"2023-06-15T15:41:32+00:00","twitter_card":"summary_large_image","twitter_misc":{"Tiempo de lectura":"3 minutos"},"schema":{"@context":"https:\/\/schema.org","@graph":[{"@type":"WebPage","@id":"https:\/\/pancargo.net\/es?page_id=667","url":"https:\/\/pancargo.net\/es?page_id=667","name":"Servicio de Aduanas | Soluciones de Transporte en Pancargo","isPartOf":{"@id":"https:\/\/pancargo.net\/es#website"},"datePublished":"2023-04-25T10:16:50+00:00","dateModified":"2023-06-15T15:41:32+00:00","description":"Soluciones aduaneras integrales en Pancargo. Expertos en transporte y log\u00edstica. Agiliza tus tr\u00e1mites aduaneros con nuestro servicio especializado.","breadcrumb":{"@id":"https:\/\/pancargo.net\/es?page_id=667#breadcrumb"},"inLanguage":"es","potentialAction":[{"@type":"ReadAction","target":["https:\/\/pancargo.net\/es?page_id=667"]}]},{"@type":"BreadcrumbList","@id":"https:\/\/pancargo.net\/es?page_id=667#breadcrumb","itemListElement":[{"@type":"ListItem","position":1,"name":"Portada","item":"https:\/\/pancargo.net\/es"},{"@type":"ListItem","position":2,"name":"Servicio de aduanas"}]},{"@type":"WebSite","@id":"https:\/\/pancargo.net\/es#website","url":"https:\/\/pancargo.net\/es","name":"Pancargo","description":"FREIGHT SERVICES","potentialAction":[{"@type":"SearchAction","target":{"@type":"EntryPoint","urlTemplate":"https:\/\/pancargo.net\/es?s={search_term_string}"},"query-input":"required name=search_term_string"}],"inLanguage":"es"}]}},"_links":{"self":[{"href":"https:\/\/pancargo.net\/es\/index.php?rest_route=\/wp\/v2\/pages\/667","targetHints":{"allow":["GET"]}}],"collection":[{"href":"https:\/\/pancargo.net\/es\/index.php?rest_route=\/wp\/v2\/pages"}],"about":[{"href":"https:\/\/pancargo.net\/es\/index.php?rest_route=\/wp\/v2\/types\/page"}],"author":[{"embeddable":true,"href":"https:\/\/pancargo.net\/es\/index.php?rest_route=\/wp\/v2\/users\/3"}],"replies":[{"embeddable":true,"href":"https:\/\/pancargo.net\/es\/index.php?rest_route=%2Fwp%2Fv2%2Fcomments&post=667"}],"version-history":[{"count":4,"href":"https:\/\/pancargo.net\/es\/index.php?rest_route=\/wp\/v2\/pages\/667\/revisions"}],"predecessor-version":[{"id":795,"href":"https:\/\/pancargo.net\/es\/index.php?rest_route=\/wp\/v2\/pages\/667\/revisions\/795"}],"wp:attachment":[{"href":"https:\/\/pancargo.net\/es\/index.php?rest_route=%2Fwp%2Fv2%2Fmedia&parent=667"}],"curies":[{"name":"wp","href":"https:\/\/api.w.org\/{rel}","templated":true}]}}